{"id":14,"date":"2024-01-02T14:21:45","date_gmt":"2024-01-02T17:21:45","guid":{"rendered":"https:\/\/observatorioturismo.online\/atlas\/?page_id=14"},"modified":"2024-06-14T18:11:50","modified_gmt":"2024-06-14T21:11:50","slug":"atlas-turistico","status":"publish","type":"page","link":"https:\/\/observatorioturismo.online\/atlas\/atlas-turistico\/","title":{"rendered":"Atlas tur\u00edstico"},"content":{"rendered":"\n<p class=\"has-black-color has-text-color has-link-color has-medium-font-size wp-elements-0eeb6ccb9dab11014d36861323d8d1ca\">La informaci\u00f3n de este <strong>Atlas<\/strong> corresponde, tanto a coberturas desarrolladas para este proyecto, como al resultado de proyectos y bases cartogr\u00e1ficas obtenidas de otras instituciones. El objetivo es aportar antecedentes para el an\u00e1lisis territorial del fen\u00f3meno tur\u00edstico a escala comunal y de destinos. La informaci\u00f3n al a\u00f1o 2024 se encuentra en proceso de actualizaci\u00f3n. <\/p>\n","protected":false},"excerpt":{"rendered":"<p>La informaci\u00f3n de este Atlas corresponde, tanto a coberturas desarrolladas para este proyecto, como al resultado de proyectos y bases cartogr\u00e1ficas obtenidas de otras instituciones. El objetivo es aportar antecedentes para el an\u00e1lisis territorial del fen\u00f3meno tur\u00edstico a escala comunal y de destinos. La informaci\u00f3n al a\u00f1o 2024 se encuentra en proceso de actualizaci\u00f3n.<\/p>\n","protected":false},"author":1,"featured_media":0,"parent":0,"menu_order":0,"comment_status":"closed","ping_status":"closed","template":"","meta":{"footnotes":""},"class_list":["post-14","page","type-page","status-publish","hentry"],"acf":[],"_links":{"self":[{"href":"https:\/\/observatorioturismo.online\/atlas\/wp-json\/wp\/v2\/pages\/14","targetHints":{"allow":["GET"]}}],"collection":[{"href":"https:\/\/observatorioturismo.online\/atlas\/wp-json\/wp\/v2\/pages"}],"about":[{"href":"https:\/\/observatorioturismo.online\/atlas\/wp-json\/wp\/v2\/types\/page"}],"author":[{"embeddable":true,"href":"https:\/\/observatorioturismo.online\/atlas\/wp-json\/wp\/v2\/users\/1"}],"replies":[{"embeddable":true,"href":"https:\/\/observatorioturismo.online\/atlas\/wp-json\/wp\/v2\/comments?post=14"}],"version-history":[{"count":9,"href":"https:\/\/observatorioturismo.online\/atlas\/wp-json\/wp\/v2\/pages\/14\/revisions"}],"predecessor-version":[{"id":587,"href":"https:\/\/observatorioturismo.online\/atlas\/wp-json\/wp\/v2\/pages\/14\/revisions\/587"}],"wp:attachment":[{"href":"https:\/\/observatorioturismo.online\/atlas\/wp-json\/wp\/v2\/media?parent=14"}],"curies":[{"name":"wp","href":"https:\/\/api.w.org\/{rel}","templated":true}]}}