{"id":356,"date":"2024-01-22T19:48:33","date_gmt":"2024-01-22T22:48:33","guid":{"rendered":"https:\/\/observatorioturismo.online\/atlas\/?page_id=356"},"modified":"2024-07-03T19:17:57","modified_gmt":"2024-07-03T22:17:57","slug":"material-apoyo","status":"publish","type":"page","link":"https:\/\/observatorioturismo.online\/atlas\/material-apoyo\/","title":{"rendered":"Material de apoyo"},"content":{"rendered":"\n<p>Esta secci\u00f3n contiene documentaci\u00f3n t\u00e9cnica, antecedentes estad\u00edsticos y enlaces a sitios de inter\u00e9s    <\/p>\n\n\n\n<p><\/p>\n","protected":false},"excerpt":{"rendered":"<p>Esta secci\u00f3n contiene documentaci\u00f3n t\u00e9cnica, antecedentes estad\u00edsticos y enlaces a sitios de inter\u00e9s<\/p>\n","protected":false},"author":1,"featured_media":0,"parent":0,"menu_order":0,"comment_status":"closed","ping_status":"closed","template":"","meta":{"footnotes":""},"class_list":["post-356","page","type-page","status-publish","hentry"],"acf":[],"_links":{"self":[{"href":"https:\/\/observatorioturismo.online\/atlas\/wp-json\/wp\/v2\/pages\/356","targetHints":{"allow":["GET"]}}],"collection":[{"href":"https:\/\/observatorioturismo.online\/atlas\/wp-json\/wp\/v2\/pages"}],"about":[{"href":"https:\/\/observatorioturismo.online\/atlas\/wp-json\/wp\/v2\/types\/page"}],"author":[{"embeddable":true,"href":"https:\/\/observatorioturismo.online\/atlas\/wp-json\/wp\/v2\/users\/1"}],"replies":[{"embeddable":true,"href":"https:\/\/observatorioturismo.online\/atlas\/wp-json\/wp\/v2\/comments?post=356"}],"version-history":[{"count":5,"href":"https:\/\/observatorioturismo.online\/atlas\/wp-json\/wp\/v2\/pages\/356\/revisions"}],"predecessor-version":[{"id":710,"href":"https:\/\/observatorioturismo.online\/atlas\/wp-json\/wp\/v2\/pages\/356\/revisions\/710"}],"wp:attachment":[{"href":"https:\/\/observatorioturismo.online\/atlas\/wp-json\/wp\/v2\/media?parent=356"}],"curies":[{"name":"wp","href":"https:\/\/api.w.org\/{rel}","templated":true}]}}