{"id":409,"date":"2024-01-26T08:18:37","date_gmt":"2024-01-26T11:18:37","guid":{"rendered":"https:\/\/observatorioturismo.online\/atlas\/?page_id=409"},"modified":"2024-06-25T16:49:15","modified_gmt":"2024-06-25T19:49:15","slug":"e-destur","status":"publish","type":"page","link":"https:\/\/observatorioturismo.online\/atlas\/","title":{"rendered":"e-DESTUR"},"content":{"rendered":"\n<h4 class=\"wp-block-heading has-text-align-left\">Proyecto desarrollado en el marco del Programa Territorial Hito M\u00e1s Turismo Sostenible, de la Universidad San Sebasti\u00e1n, con el prop\u00f3sito de contribuir con informaci\u00f3n b\u00e1sica para la toma de decisiones de quienes tienen responsabilidad en la gesti\u00f3n de destinos tur\u00edsticos.<\/h4>\n\n\n\n<h4 class=\"wp-block-heading\">Una herramienta \u00fatil para contribuir a la toma de decisiones en la gesti\u00f3n tur\u00edstica de los destinos, impulsando pr\u00e1cticas m\u00e1s sostenibles.<\/h4>\n\n\n\n<div style=\"height:56px\" aria-hidden=\"true\" class=\"wp-block-spacer\"><\/div>\n\n\n<div class=\"wp-block-image\">\n<figure class=\"aligncenter size-large\"><img loading=\"lazy\" decoding=\"async\" width=\"1024\" height=\"414\" src=\"https:\/\/observatorioturismo.online\/atlas\/wp-content\/uploads\/2024\/05\/tourism-1024x414.png\" alt=\"\" class=\"wp-image-530\" srcset=\"https:\/\/observatorioturismo.online\/atlas\/wp-content\/uploads\/2024\/05\/tourism-1024x414.png 1024w, https:\/\/observatorioturismo.online\/atlas\/wp-content\/uploads\/2024\/05\/tourism-300x121.png 300w, https:\/\/observatorioturismo.online\/atlas\/wp-content\/uploads\/2024\/05\/tourism-768x310.png 768w, https:\/\/observatorioturismo.online\/atlas\/wp-content\/uploads\/2024\/05\/tourism.png 1059w\" sizes=\"auto, (max-width: 1024px) 100vw, 1024px\" \/><\/figure>\n<\/div>\n\n\n<div style=\"height:56px\" aria-hidden=\"true\" class=\"wp-block-spacer\"><\/div>\n\n\n\n<div class=\"wp-block-columns is-layout-flex wp-container-core-columns-is-layout-9d6595d7 wp-block-columns-is-layout-flex\">\n<div class=\"wp-block-column padding has-white-background-color has-background is-layout-flow wp-block-column-is-layout-flow\">\n<h2 class=\"wp-block-heading has-text-align-center\"><strong>\u00c1mbito de sustentabilidad&nbsp;<\/strong><\/h2>\n\n\n\n<p>Los \u00e1mbitos de sustentabilidad son: Sociocultural, Econ\u00f3mico, Gesti\u00f3n y Medio Ambiente.<\/p>\n<\/div>\n\n\n\n<div class=\"wp-block-column padding has-white-background-color has-background is-layout-flow wp-block-column-is-layout-flow\">\n<h2 class=\"wp-block-heading has-text-align-center\"><strong>Criterio de Sustentabilidad<\/strong><\/h2>\n\n\n\n<p>Corresponde a la denominaci\u00f3n empleada para reconocer cada criterio de turismo sustentable. Los criterios est\u00e1n basados en las recomendaciones del Consejo Global de Turismo Sostenible.<\/p>\n<\/div>\n<\/div>\n\n\n\n<div class=\"wp-block-columns is-layout-flex wp-container-core-columns-is-layout-9d6595d7 wp-block-columns-is-layout-flex\">\n<div class=\"wp-block-column padding has-white-background-color has-background is-layout-flow wp-block-column-is-layout-flow\">\n<h2 class=\"wp-block-heading has-text-align-center\"><strong>Indicador<\/strong><\/h2>\n\n\n\n<p>El indicador de sustentabilidad es una expresi\u00f3n cuantitativa o cualitativa que permite medir comportamientos o fen\u00f3menos de la realidad.<\/p>\n<\/div>\n\n\n\n<div class=\"wp-block-column padding has-white-background-color has-background is-layout-flow wp-block-column-is-layout-flow\">\n<h2 class=\"wp-block-heading has-text-align-center\"><strong>Puntaje del indicador<\/strong><\/h2>\n\n\n\n<p>El puntaje refleja la calificaci\u00f3n el grado en que un indicador cumple con los requisitos m\u00ednimos de sustentabilidad.<\/p>\n<\/div>\n<\/div>\n\n\n\n<div style=\"height:56px\" aria-hidden=\"true\" class=\"wp-block-spacer\"><\/div>\n\n\n\n<h2 class=\"wp-block-heading has-text-align-center\"><strong>CALIFICACI\u00d3N DEL INDICADOR<\/strong><\/h2>\n\n\n\n<p>La calificaci\u00f3n de un indicador se realiza a partir de la revisi\u00f3n de los antecedentes disponibles. Para completar esta calificaci\u00f3n se requiere:<\/p>\n\n\n\n<ul class=\"wp-block-list\">\n<li>Identificar en cada \u00c1mbito todos los indicadores que cuentan con antecedentes oficiales (informes estudios, estad\u00edsticas u otros) de respaldo.&nbsp;&nbsp;<\/li>\n\n\n\n<li>Marcar en la columna <strong>Puntaje <\/strong>la calificaci\u00f3n que corresponda.<\/li>\n<\/ul>\n","protected":false},"excerpt":{"rendered":"<p>Proyecto desarrollado en el marco del Programa Territorial Hito M\u00e1s Turismo Sostenible, de la Universidad San Sebasti\u00e1n, con el prop\u00f3sito de contribuir con informaci\u00f3n b\u00e1sica para la toma de decisiones de quienes tienen responsabilidad en la gesti\u00f3n de destinos tur\u00edsticos. Una herramienta \u00fatil para contribuir a la toma de decisiones en la gesti\u00f3n tur\u00edstica de [&hellip;]<\/p>\n","protected":false},"author":1,"featured_media":0,"parent":0,"menu_order":0,"comment_status":"closed","ping_status":"closed","template":"","meta":{"footnotes":""},"class_list":["post-409","page","type-page","status-publish","hentry"],"acf":[],"_links":{"self":[{"href":"https:\/\/observatorioturismo.online\/atlas\/wp-json\/wp\/v2\/pages\/409","targetHints":{"allow":["GET"]}}],"collection":[{"href":"https:\/\/observatorioturismo.online\/atlas\/wp-json\/wp\/v2\/pages"}],"about":[{"href":"https:\/\/observatorioturismo.online\/atlas\/wp-json\/wp\/v2\/types\/page"}],"author":[{"embeddable":true,"href":"https:\/\/observatorioturismo.online\/atlas\/wp-json\/wp\/v2\/users\/1"}],"replies":[{"embeddable":true,"href":"https:\/\/observatorioturismo.online\/atlas\/wp-json\/wp\/v2\/comments?post=409"}],"version-history":[{"count":10,"href":"https:\/\/observatorioturismo.online\/atlas\/wp-json\/wp\/v2\/pages\/409\/revisions"}],"predecessor-version":[{"id":677,"href":"https:\/\/observatorioturismo.online\/atlas\/wp-json\/wp\/v2\/pages\/409\/revisions\/677"}],"wp:attachment":[{"href":"https:\/\/observatorioturismo.online\/atlas\/wp-json\/wp\/v2\/media?parent=409"}],"curies":[{"name":"wp","href":"https:\/\/api.w.org\/{rel}","templated":true}]}}