{"id":433,"date":"2024-02-06T15:59:19","date_gmt":"2024-02-06T18:59:19","guid":{"rendered":"https:\/\/observatorioturismo.online\/atlas\/?page_id=433"},"modified":"2024-08-20T11:05:58","modified_gmt":"2024-08-20T14:05:58","slug":"descripcion-autodiagnostico","status":"publish","type":"page","link":"https:\/\/observatorioturismo.online\/atlas\/descripcion-autodiagnostico\/","title":{"rendered":"e-DESTUR"},"content":{"rendered":"\n<p>El <strong>Autodiagn\u00f3stico de Sostenibilidad de Destinos Tur\u00edsticos <\/strong>es un instrumento desarrollado para facilitar la identificaci\u00f3n de brechas de sostenibilidad en los destinos tur\u00edsticos, siguiendo las recomendaciones de ONU Turismo (Organizaci\u00f3n Mundial del Turismo), del Consejo Global de Turismo Sostenible (GSTC, por sus siglas en ingl\u00e9s y de la Comisi\u00f3n Europea de Turismo, entre otras instituciones internacionales. <\/p>\n\n\n\n<p> El autodiagn\u00f3stico se puede emplear para todo tipo de destinos tur\u00edsticos con el objetivo de contribuir a identificar prioridades de intervenci\u00f3n de autoridades del sector p\u00fablico, responsables de organismos de gesti\u00f3n de destinos, responsables del sector empresarial y otros actores locales, en los cuatro \u00e1mbitos de de sostenibilidad que se han definido: sociocultural econ\u00f3mico, ambiental y de gesti\u00f3n institucional.<\/p>\n\n\n\n<h2 class=\"wp-block-heading has-text-align-left\"><strong>\u00c1mbitos de sostenibilidad&nbsp;<\/strong><\/h2>\n\n\n\n<p>Los \u00e1mbitos de sostenibilidad son: Sociocultural, Econ\u00f3mico, Gesti\u00f3n y Medio Ambiente.<\/p>\n\n\n\n<h2 class=\"wp-block-heading has-text-align-left\"><strong>Criterios de sostenibilidad<\/strong><\/h2>\n\n\n\n<p>Corresponde a la denominaci\u00f3n empleada para analizar cada \u00e1mbito de turismo sostenible. Los criterios est\u00e1n basados en las recomendaciones del Consejo Global de Turismo Sostenible.<\/p>\n\n\n\n<h2 class=\"wp-block-heading has-text-align-left\"><strong>Indicadores de sostenibilidad<\/strong><\/h2>\n\n\n\n<p>El indicador de sostenibilidad es una expresi\u00f3n cuantitativa o cualitativa que permite medir comportamientos o fen\u00f3menos de la realidad. El n\u00famero de indicadores var\u00eda seg\u00fan \u00e1mbito, en total se han considerado 74 indicadores. <\/p>\n\n\n\n<h2 class=\"wp-block-heading has-text-align-left\"><strong>Puntaje del indicador<\/strong><\/h2>\n\n\n\n<p>El puntaje refleja en qu\u00e9 grado un indicador cumple con los requisitos m\u00ednimos de sustentabilidad.<\/p>\n\n\n\n<h2 class=\"wp-block-heading has-text-align-left\"><strong>Calificaci\u00f3n de los indicadores<\/strong><\/h2>\n\n\n\n<p>La calificaci\u00f3n de un indicador se realiza a partir de la revisi\u00f3n de los antecedentes disponibles. Para completar esta calificaci\u00f3n se requiere:<\/p>\n\n\n\n<ul class=\"wp-block-list\">\n<li>Identificar en cada \u00c1mbito todos los indicadores que cuentan con antecedentes oficiales (informes estudios, estad\u00edsticas u otros) de respaldo.&nbsp;&nbsp;<\/li>\n\n\n\n<li>Marcar en la columna <strong>Puntaje <\/strong>la calificaci\u00f3n que corresponda. La escala de calificaci\u00f3n var\u00eda entre 0 y 3 puntos, seg\u00fan el nivel de cumplimiento o desempe\u00f1o de cada indicador.  <\/li>\n<\/ul>\n\n\n\n<p><strong>Resultados del Autodiagn\u00f3stico<\/strong> <strong>de Sostenibilidad<\/strong><\/p>\n\n\n\n<p>Los resultados del autodiagn\u00f3stico se obtienen para cada \u00e1mbito de sostenibilidad en forma independiente. El resultado final es el promedio ponderado de cada uno de los \u00e1mbitos de sostenibilidad, expresado en porcentaje. El m\u00e1ximo posible es 100%.   <\/p>\n","protected":false},"excerpt":{"rendered":"<p>El Autodiagn\u00f3stico de Sostenibilidad de Destinos Tur\u00edsticos es un instrumento desarrollado para facilitar la identificaci\u00f3n de brechas de sostenibilidad en los destinos tur\u00edsticos, siguiendo las recomendaciones de ONU Turismo (Organizaci\u00f3n Mundial del Turismo), del Consejo Global de Turismo Sostenible (GSTC, por sus siglas en ingl\u00e9s y de la Comisi\u00f3n Europea de Turismo, entre otras instituciones [&hellip;]<\/p>\n","protected":false},"author":1,"featured_media":0,"parent":0,"menu_order":0,"comment_status":"closed","ping_status":"closed","template":"","meta":{"footnotes":""},"class_list":["post-433","page","type-page","status-publish","hentry"],"acf":[],"_links":{"self":[{"href":"https:\/\/observatorioturismo.online\/atlas\/wp-json\/wp\/v2\/pages\/433","targetHints":{"allow":["GET"]}}],"collection":[{"href":"https:\/\/observatorioturismo.online\/atlas\/wp-json\/wp\/v2\/pages"}],"about":[{"href":"https:\/\/observatorioturismo.online\/atlas\/wp-json\/wp\/v2\/types\/page"}],"author":[{"embeddable":true,"href":"https:\/\/observatorioturismo.online\/atlas\/wp-json\/wp\/v2\/users\/1"}],"replies":[{"embeddable":true,"href":"https:\/\/observatorioturismo.online\/atlas\/wp-json\/wp\/v2\/comments?post=433"}],"version-history":[{"count":19,"href":"https:\/\/observatorioturismo.online\/atlas\/wp-json\/wp\/v2\/pages\/433\/revisions"}],"predecessor-version":[{"id":747,"href":"https:\/\/observatorioturismo.online\/atlas\/wp-json\/wp\/v2\/pages\/433\/revisions\/747"}],"wp:attachment":[{"href":"https:\/\/observatorioturismo.online\/atlas\/wp-json\/wp\/v2\/media?parent=433"}],"curies":[{"name":"wp","href":"https:\/\/api.w.org\/{rel}","templated":true}]}}