{"id":479,"date":"2024-03-06T17:32:46","date_gmt":"2024-03-06T20:32:46","guid":{"rendered":"https:\/\/observatorioturismo.online\/atlas\/?page_id=479"},"modified":"2024-07-03T19:16:28","modified_gmt":"2024-07-03T22:16:28","slug":"acerca-de","status":"publish","type":"page","link":"https:\/\/observatorioturismo.online\/atlas\/acerca-de\/","title":{"rendered":"Acerca de"},"content":{"rendered":"\n<div style=\"height:54px\" aria-hidden=\"true\" class=\"wp-block-spacer\"><\/div>\n\n\n\n<p>Este Autodiagn\u00f3stico de Sostenibilidad de Destinos Tur\u00edsticos (<strong>e-Destur<\/strong>), desarrollado en en el marco del Programa Territorial Hito M\u00e1s Turismo Sostenible de la Universidad San Sebasti\u00e1n, tiene el prop\u00f3sito de aportar antecedentes b\u00e1sicos para la toma de decisiones de las autoridades y responsables de la gesti\u00f3n de los destinos tur\u00edsticos, a partir de la identificaci\u00f3n de brechas en cuatro \u00e1mbitos de sostenibilidad: gesti\u00f3n institucional, socioculturales, ambientales y econ\u00f3micas.<\/p>\n\n\n\n<p>La metodolog\u00eda empleada se respalda en las recomendaciones de ONU Turismo (Organizaci\u00f3n Mundial del Turismo), del Consejo Global de Turismo Sostenible (GSTC, por sus siglas en ingl\u00e9s) y de la Comisi\u00f3n Europea, entre otros organismos especializados.<\/p>\n\n\n\n<p>Los resultados del autodiagn\u00f3stico se obtienen mediante la aplicaci\u00f3n de una escala de evaluaci\u00f3n de 0 a 3 puntos, los que registran el grado o nivel en que se cumple cada indicador. El resultado final corresponde al porcentaje (%) de desempe\u00f1o obtenido en cada uno de los \u00e1mbitos de sostenibilidad. El m\u00e1ximo posible es un 100%.<\/p>\n\n\n\n<div style=\"height:100px\" aria-hidden=\"true\" class=\"wp-block-spacer\"><\/div>\n\n\n\n<h2 class=\"wp-block-heading\">EQUIPO DE TRABAJO<\/h2>\n\n\n\n<p>El equipo de este trabajo est\u00e1 integrado por los siguientes profesionales:<\/p>\n\n\n\n<div class=\"wp-block-columns is-layout-flex wp-container-core-columns-is-layout-9d6595d7 wp-block-columns-is-layout-flex\">\n<div class=\"wp-block-column is-layout-flow wp-block-column-is-layout-flow\"><div class=\"wp-block-image\">\n<figure class=\"aligncenter size-full\"><img loading=\"lazy\" decoding=\"async\" width=\"200\" height=\"200\" src=\"https:\/\/observatorioturismo.online\/atlas\/wp-content\/uploads\/2024\/03\/humberto.png\" alt=\"\" class=\"wp-image-483\" srcset=\"https:\/\/observatorioturismo.online\/atlas\/wp-content\/uploads\/2024\/03\/humberto.png 200w, https:\/\/observatorioturismo.online\/atlas\/wp-content\/uploads\/2024\/03\/humberto-150x150.png 150w\" sizes=\"auto, (max-width: 200px) 100vw, 200px\" \/><\/figure>\n<\/div>\n\n\n<p class=\"has-text-align-center\"><strong>Humberto Rivas Ortega<\/strong><\/p>\n\n\n\n<p>Ge\u00f3grafo. Dr. Universidad de Lleida. Acad\u00e9mico de la Escuela de Ingenier\u00eda en Gesti\u00f3n de Expediciones y Ecoturismo de la Universidad San Sebasti\u00e1n. Director del proyecto y l\u00edder del Programa Territorial M\u00e1s Turismo Sostenible.<\/p>\n<\/div>\n\n\n\n<div class=\"wp-block-column is-layout-flow wp-block-column-is-layout-flow\"><div class=\"wp-block-image\">\n<figure class=\"aligncenter size-full\"><img loading=\"lazy\" decoding=\"async\" width=\"200\" height=\"200\" src=\"https:\/\/observatorioturismo.online\/atlas\/wp-content\/uploads\/2024\/03\/daniel.png\" alt=\"\" class=\"wp-image-482\" srcset=\"https:\/\/observatorioturismo.online\/atlas\/wp-content\/uploads\/2024\/03\/daniel.png 200w, https:\/\/observatorioturismo.online\/atlas\/wp-content\/uploads\/2024\/03\/daniel-150x150.png 150w\" sizes=\"auto, (max-width: 200px) 100vw, 200px\" \/><\/figure>\n<\/div>\n\n\n<p class=\"has-text-align-center\"><strong>Daniel Olmedo Townsend<\/strong><\/p>\n\n\n\n<p>Dise\u00f1ador Especialista en UX\/UI Design y desarrollo de plataformas web y aplicaciones m\u00f3viles.<\/p>\n<\/div>\n\n\n\n<div class=\"wp-block-column is-layout-flow wp-block-column-is-layout-flow\"><div class=\"wp-block-image\">\n<figure class=\"aligncenter size-full\"><img loading=\"lazy\" decoding=\"async\" width=\"200\" height=\"200\" src=\"https:\/\/observatorioturismo.online\/atlas\/wp-content\/uploads\/2024\/03\/rafael.png\" alt=\"\" class=\"wp-image-484\" srcset=\"https:\/\/observatorioturismo.online\/atlas\/wp-content\/uploads\/2024\/03\/rafael.png 200w, https:\/\/observatorioturismo.online\/atlas\/wp-content\/uploads\/2024\/03\/rafael-150x150.png 150w\" sizes=\"auto, (max-width: 200px) 100vw, 200px\" \/><\/figure>\n<\/div>\n\n\n<p class=\"has-text-align-center\"><strong>Rafael Basualto<\/strong><\/p>\n\n\n\n<p>Ingeniero en Estad\u00edsticas. Especialista en procesamiento estad\u00edstico.<\/p>\n<\/div>\n<\/div>\n\n\n\n<div class=\"wp-block-columns is-layout-flex wp-container-core-columns-is-layout-9d6595d7 wp-block-columns-is-layout-flex\">\n<div class=\"wp-block-column is-layout-flow wp-block-column-is-layout-flow\"><div class=\"wp-block-image\">\n<figure class=\"aligncenter size-full\"><img loading=\"lazy\" decoding=\"async\" width=\"200\" height=\"200\" src=\"https:\/\/observatorioturismo.online\/atlas\/wp-content\/uploads\/2024\/03\/orlando.png\" alt=\"\" class=\"wp-image-485\" srcset=\"https:\/\/observatorioturismo.online\/atlas\/wp-content\/uploads\/2024\/03\/orlando.png 200w, https:\/\/observatorioturismo.online\/atlas\/wp-content\/uploads\/2024\/03\/orlando-150x150.png 150w\" sizes=\"auto, (max-width: 200px) 100vw, 200px\" \/><\/figure>\n<\/div>\n\n\n<p class=\"has-text-align-center\"><strong>Orlando Ar\u00e9valo<\/strong><\/p>\n\n\n\n<p>Ge\u00f3grafo. Especialista en Sistemas de Informaci\u00f3n Geogr\u00e1fica<\/p>\n<\/div>\n\n\n\n<div class=\"wp-block-column is-layout-flow wp-block-column-is-layout-flow\"><div class=\"wp-block-image\">\n<figure class=\"aligncenter size-full\"><img loading=\"lazy\" decoding=\"async\" width=\"200\" height=\"200\" src=\"https:\/\/observatorioturismo.online\/atlas\/wp-content\/uploads\/2024\/03\/nicol.png\" alt=\"\" class=\"wp-image-486\" srcset=\"https:\/\/observatorioturismo.online\/atlas\/wp-content\/uploads\/2024\/03\/nicol.png 200w, https:\/\/observatorioturismo.online\/atlas\/wp-content\/uploads\/2024\/03\/nicol-150x150.png 150w\" sizes=\"auto, (max-width: 200px) 100vw, 200px\" \/><\/figure>\n<\/div>\n\n\n<p class=\"has-text-align-center\"><strong>Nicol Salinas<\/strong><\/p>\n\n\n\n<p>Ingeniera en Gesti\u00f3n de Expediciones y Ecoturismo. Responsable del levantamiento de informaci\u00f3n b\u00e1sica.<\/p>\n<\/div>\n\n\n\n<div class=\"wp-block-column is-layout-flow wp-block-column-is-layout-flow\"><div class=\"wp-block-image\">\n<figure class=\"aligncenter size-full\"><img loading=\"lazy\" decoding=\"async\" width=\"200\" height=\"200\" src=\"https:\/\/observatorioturismo.online\/atlas\/wp-content\/uploads\/2024\/03\/cristina.png\" alt=\"\" class=\"wp-image-487\" srcset=\"https:\/\/observatorioturismo.online\/atlas\/wp-content\/uploads\/2024\/03\/cristina.png 200w, https:\/\/observatorioturismo.online\/atlas\/wp-content\/uploads\/2024\/03\/cristina-150x150.png 150w\" sizes=\"auto, (max-width: 200px) 100vw, 200px\" \/><\/figure>\n<\/div>\n\n\n<p class=\"has-text-align-center\"><strong>Maria Cristina Saavedra<\/strong><\/p>\n\n\n\n<p>Dise\u00f1adora gr\u00e1fica e ilustradora<\/p>\n<\/div>\n<\/div>\n","protected":false},"excerpt":{"rendered":"<p>Este Autodiagn\u00f3stico de Sostenibilidad de Destinos Tur\u00edsticos (e-Destur), desarrollado en en el marco del Programa Territorial Hito M\u00e1s Turismo Sostenible de la Universidad San Sebasti\u00e1n, tiene el prop\u00f3sito de aportar antecedentes b\u00e1sicos para la toma de decisiones de las autoridades y responsables de la gesti\u00f3n de los destinos tur\u00edsticos, a partir de la identificaci\u00f3n de [&hellip;]<\/p>\n","protected":false},"author":1,"featured_media":0,"parent":0,"menu_order":0,"comment_status":"closed","ping_status":"closed","template":"","meta":{"footnotes":""},"class_list":["post-479","page","type-page","status-publish","hentry"],"acf":[],"_links":{"self":[{"href":"https:\/\/observatorioturismo.online\/atlas\/wp-json\/wp\/v2\/pages\/479","targetHints":{"allow":["GET"]}}],"collection":[{"href":"https:\/\/observatorioturismo.online\/atlas\/wp-json\/wp\/v2\/pages"}],"about":[{"href":"https:\/\/observatorioturismo.online\/atlas\/wp-json\/wp\/v2\/types\/page"}],"author":[{"embeddable":true,"href":"https:\/\/observatorioturismo.online\/atlas\/wp-json\/wp\/v2\/users\/1"}],"replies":[{"embeddable":true,"href":"https:\/\/observatorioturismo.online\/atlas\/wp-json\/wp\/v2\/comments?post=479"}],"version-history":[{"count":15,"href":"https:\/\/observatorioturismo.online\/atlas\/wp-json\/wp\/v2\/pages\/479\/revisions"}],"predecessor-version":[{"id":586,"href":"https:\/\/observatorioturismo.online\/atlas\/wp-json\/wp\/v2\/pages\/479\/revisions\/586"}],"wp:attachment":[{"href":"https:\/\/observatorioturismo.online\/atlas\/wp-json\/wp\/v2\/media?parent=479"}],"curies":[{"name":"wp","href":"https:\/\/api.w.org\/{rel}","templated":true}]}}